{"id":389,"date":"2023-10-20T07:27:38","date_gmt":"2023-10-20T07:27:38","guid":{"rendered":"https:\/\/verdeco.be\/?page_id=389"},"modified":"2026-03-27T12:41:06","modified_gmt":"2026-03-27T12:41:06","slug":"stoffen","status":"publish","type":"page","link":"https:\/\/verdeco.be\/index.php\/stoffen\/","title":{"rendered":"Stoffen"},"content":{"rendered":"<section class=\"wpb-content-wrapper\"><p>[vc_row css_animation=&#8221;&#8221; row_type=&#8221;row&#8221; use_row_as_full_screen_section=&#8221;no&#8221; type=&#8221;full_width&#8221; angled_section=&#8221;no&#8221; text_align=&#8221;left&#8221; background_image_as_pattern=&#8221;without_pattern&#8221;][vc_column width=&#8221;1\/2&#8243;][vc_empty_space height=&#8221;50px&#8221;][vc_column_text]Bij Verdeco vindt U een uitgebreid en inspirerend aanbod aan stoffen voor <strong>gordijnen, kussens en tafellinnen<\/strong>.<br \/>\nOnze collectie omvat zowel <strong>transparante<\/strong> stoffen die het licht zacht filteren, stijlvolle <strong>inbetweens<\/strong> als <strong>dichtgeweven<\/strong> stoffen voor maximale privacy en sfeer. Daarnaast bieden we ook bijpassende <strong>voeringen<\/strong> aan om uw gordijnen extra body, isolatie en verduistering te geven. U kiest uit een brede waaier aan <strong>structuren, kleuren, gewichten en diktes<\/strong>, zodat elke ruimte perfect tot zijn recht komt.<br \/>\nVan luchtige en elegante materialen tot rijke, volle stoffen met karakter: wij hebben voor elke woonstijl de juiste oplossing. Onze stoffen zijn geschikt voor <strong>overgordijnen, vouwgordijnen en paneelgordijnen<\/strong>, volledig op maat van uw interieur.<br \/>\nVeel van deze stoffen kunnen bovendien perfect doorgetrokken worden naar bijpassende <strong>kussens<\/strong> voor een harmonieus geheel. Ook voor stijlvol <strong>tafellinnen<\/strong> op maat bieden we een selectie stoffen die zowel praktisch als sfeervol zijn. Zo cre\u00ebert u eenvoudig een uniforme uitstraling in uw woning met \u00e9\u00e9n samenhangend concept. Laat U inspireren door onze veelzijdige collectie en ontdek hoe de juiste stof uw interieur warmte, elegantie en persoonlijkheid geeft.[\/vc_column_text][vc_empty_space height=&#8221;20px&#8221;]<div class=\"qode-simple-quote-holder \">\n\t<div class=\"qode-simple-quote-triangle-shadow\">\n\t\t\n\t<\/div>\n\t<div class=\"qode-simple-quote-triangle\" style=\"border-bottom-color: #e1dad1\">\n\t\t\n\t<\/div>\n\t<div class=\"qode-simple-quote-holder-inner\" style=\"background-color: #e1dad1;border-color: #e1dad1\">\n\t\t<div class=\"qode-simple-quote-icon-holder\"  style=\"fill: #f1eee9\">\n\t\t\t<svg x=\"0px\" y=\"0px\" width=\"118px\" height=\"97px\" viewBox=\"0 0 118 97\" enable-background=\"new 0 0 118 97\" xml:space=\"preserve\">\n\t\t\t\t<g>\n\t\t\t\t\t<path d=\"M31.1,73.998c5.688-7.111,8.535-14.316,8.535-21.617c0-3.09-0.371-5.751-1.113-7.978c-4.332,3.34-9.031,5.009-14.102,5.009\n\t\t\t\t\t\tc-6.929,0-12.71-2.194-17.349-6.586c-4.639-4.389-6.958-10.298-6.958-17.72c0-6.926,2.348-12.71,7.051-17.349\n\t\t\t\t\t\tc4.7-4.639,10.452-6.958,17.256-6.958c9.77,0,17.256,4.021,22.451,12.061c4.329,6.68,6.494,15.029,6.494,25.049\n\t\t\t\t\t\tc0,12.742-3.247,24.154-9.741,34.234C37.13,82.227,27.325,90.357,14.215,96.541l-3.525-6.865\n\t\t\t\t\t\tC18.604,86.336,25.409,81.113,31.1,73.998z M95.67,73.998c5.688-7.111,8.535-14.316,8.535-21.617c0-3.09-0.371-5.751-1.113-7.978\n\t\t\t\t\t\tc-4.206,3.34-8.906,5.009-14.102,5.009c-6.804,0-12.556-2.194-17.256-6.586c-4.702-4.389-7.051-10.298-7.051-17.72\n\t\t\t\t\t\tc0-4.575,1.113-8.721,3.34-12.432s5.195-6.616,8.906-8.721c3.711-2.102,7.729-3.154,12.061-3.154\n\t\t\t\t\t\tc9.771,0,17.256,4.021,22.451,12.061c4.329,6.68,6.494,15.029,6.494,25.049c0,12.742-3.247,24.154-9.741,34.234\n\t\t\t\t\t\tC101.7,82.227,91.896,90.357,78.785,96.541l-3.525-6.865C83.175,86.336,89.979,81.113,95.67,73.998z\"\/>\n\t\t\t\t<\/g>\n\t\t\t<\/svg>\n\t\t<\/div>\n\t\t<div class=\"qode-simple-quote-content-holder\">\n\t\t\t<div class=\"qode-simple-quote-content-holder-inner\">\n\t\t\t\t<div class=\"qode-simple-quote-text-holder\" >\n\t\t\t\t\t<h5 class=\"qode-simple-quote-text-title\"> Combineer verschillende texturen voor een mooie gelaagdheid in je interieur.  <\/h5>\n\t\t\t\t<\/div>\n\t\t\t\t<div class=\"qode-simple-quote-author-holder\">\n\t\t\t\t\t<p class=\"qode-simple-quote-author-title\">   <\/p>\n\t\t\t\t<\/div>\n\t\t\t<\/div>\n\t\t<\/div>\n\t<\/div>\n<\/div>[\/vc_column][vc_column width=&#8221;1\/2&#8243;][vc_single_image image=&#8221;1652&#8243; img_size=&#8221;large&#8221; qode_css_animation=&#8221;&#8221;][\/vc_column][\/vc_row][vc_row css_animation=&#8221;&#8221; row_type=&#8221;row&#8221; use_row_as_full_screen_section=&#8221;yes&#8221; type=&#8221;full_width&#8221; angled_section=&#8221;no&#8221; text_align=&#8221;left&#8221; background_image_as_pattern=&#8221;without_pattern&#8221; css=&#8221;.vc_custom_1697531706642{background-position: 0 0 !important;background-repeat: no-repeat !important;}&#8221; z_index=&#8221;&#8221;][vc_column][vc_single_image image=&#8221;295&#8243; img_size=&#8221;full&#8221; qode_css_animation=&#8221;&#8221;][\/vc_column][\/vc_row]<\/p>\n<\/section>","protected":false},"excerpt":{"rendered":"<p>[vc_row css_animation=&#8221;&#8221; row_type=&#8221;row&#8221; use_row_as_full_screen_section=&#8221;no&#8221; type=&#8221;full_width&#8221; angled_section=&#8221;no&#8221; text_align=&#8221;left&#8221; background_image_as_pattern=&#8221;without_pattern&#8221;][vc_column width=&#8221;1\/2&#8243;][vc_empty_space height=&#8221;50px&#8221;][vc_column_text]Bij Verdeco vindt U een uitgebreid en inspirerend aanbod aan stoffen voor gordijnen, kussens en tafellinnen. Onze collectie omvat zowel transparante stoffen die het licht zacht filteren, stijlvolle inbetweens als dichtgeweven stoffen voor maximale privacy en&#8230;<\/p>\n","protected":false},"author":2,"featured_media":0,"parent":0,"menu_order":0,"comment_status":"closed","ping_status":"closed","template":"","meta":{"content-type":"","om_disable_all_campaigns":false,"_monsterinsights_skip_tracking":false,"_monsterinsights_sitenote_active":false,"_monsterinsights_sitenote_note":"","_monsterinsights_sitenote_category":0,"_uf_show_specific_survey":0,"_uf_disable_surveys":false,"footnotes":""},"class_list":["post-389","page","type-page","status-publish","hentry"],"aioseo_notices":[],"_links":{"self":[{"href":"https:\/\/verdeco.be\/index.php\/wp-json\/wp\/v2\/pages\/389","targetHints":{"allow":["GET"]}}],"collection":[{"href":"https:\/\/verdeco.be\/index.php\/wp-json\/wp\/v2\/pages"}],"about":[{"href":"https:\/\/verdeco.be\/index.php\/wp-json\/wp\/v2\/types\/page"}],"author":[{"embeddable":true,"href":"https:\/\/verdeco.be\/index.php\/wp-json\/wp\/v2\/users\/2"}],"replies":[{"embeddable":true,"href":"https:\/\/verdeco.be\/index.php\/wp-json\/wp\/v2\/comments?post=389"}],"version-history":[{"count":7,"href":"https:\/\/verdeco.be\/index.php\/wp-json\/wp\/v2\/pages\/389\/revisions"}],"predecessor-version":[{"id":1663,"href":"https:\/\/verdeco.be\/index.php\/wp-json\/wp\/v2\/pages\/389\/revisions\/1663"}],"wp:attachment":[{"href":"https:\/\/verdeco.be\/index.php\/wp-json\/wp\/v2\/media?parent=389"}],"curies":[{"name":"wp","href":"https:\/\/api.w.org\/{rel}","templated":true}]}}